{"id":278360,"date":"2024-03-14T09:30:35","date_gmt":"2024-03-14T09:30:35","guid":{"rendered":"https:\/\/imartworldcup.org\/maw-2022\/"},"modified":"2024-07-08T11:59:53","modified_gmt":"2024-07-08T11:59:53","slug":"maw-2022","status":"publish","type":"page","link":"https:\/\/imartworldcup.org\/es\/maw-2022\/","title":{"rendered":"MAW 2022"},"content":{"rendered":"<p>[et_pb_section fb_built=\u00bb1&#8243; custom_padding_last_edited=\u00bbon|phone\u00bb _builder_version=\u00bb4.25.1&#8243; _module_preset=\u00bbdefault\u00bb custom_padding=\u00bb20px||0px||false|false\u00bb custom_padding_tablet=\u00bb30px||20px||false|false\u00bb custom_padding_phone=\u00bb0px||0px||false|false\u00bb sticky_position_tablet=\u00bb\u00bb sticky_position_phone=\u00bb\u00bb sticky_position_last_edited=\u00bbon|phone\u00bb locked=\u00bboff\u00bb global_colors_info=\u00bb{}\u00bb][et_pb_row custom_padding_last_edited=\u00bbon|phone\u00bb _builder_version=\u00bb4.25.1&#8243; _module_preset=\u00bbdefault\u00bb custom_padding=\u00bb0px||||false|false\u00bb custom_padding_tablet=\u00bb||0px||false|false\u00bb custom_padding_phone=\u00bb||0px||false|false\u00bb global_colors_info=\u00bb{}\u00bb][et_pb_column type=\u00bb4_4&#8243; _builder_version=\u00bb4.20.2&#8243; _module_preset=\u00bbdefault\u00bb global_colors_info=\u00bb{}\u00bb][et_pb_heading title=\u00bb@ET-DC@eyJkeW5hbWljIjp0cnVlLCJjb250ZW50IjoicG9zdF9saW5rIiwic2V0dGluZ3MiOnsiYmVmb3JlIjoiIiwiYWZ0ZXIiOiIiLCJ0ZXh0IjoicG9zdF90aXRsZSIsImN1c3RvbV90ZXh0IjoiIn19@\u00bb _builder_version=\u00bb4.25.1&#8243; _dynamic_attributes=\u00bbtitle\u00bb _module_preset=\u00bbdefault\u00bb title_font=\u00bb|600|||||||\u00bb title_text_align=\u00bbcenter\u00bb title_font_size=\u00bb80px\u00bb custom_margin=\u00bb||10px||false|false\u00bb custom_padding=\u00bb||||false|false\u00bb title_font_size_tablet=\u00bb60px\u00bb title_font_size_phone=\u00bb40px\u00bb title_font_size_last_edited=\u00bbon|desktop\u00bb global_colors_info=\u00bb{}\u00bb][\/et_pb_heading][dipi_breadcrumbs bc_home_icon=\u00bboff\u00bb bc_separator_icon=\u00bb&#x39;||divi||400&#8243; bc_items_alignment=\u00bbdipi-bc-center\u00bb bc_separator_color=\u00bb#BBC1C3&#8243; _builder_version=\u00bb4.25.1&#8243; _module_preset=\u00bbdefault\u00bb items_font=\u00bbInter Tight||||||||\u00bb items_text_color=\u00bb#AFAEAE\u00bb active_text_color=\u00bb#EC7323&#8243; module_alignment=\u00bbcenter\u00bb items_font_size_tablet=\u00bb10px\u00bb items_font_size_phone=\u00bb9px\u00bb items_font_size_last_edited=\u00bbon|phone\u00bb global_colors_info=\u00bb{}\u00bb][\/dipi_breadcrumbs][\/et_pb_column][\/et_pb_row][\/et_pb_section][et_pb_section fb_built=\u00bb1&#8243; _builder_version=\u00bb4.25.1&#8243; _module_preset=\u00bbdefault\u00bb custom_padding=\u00bb0px||0px||true|false\u00bb global_colors_info=\u00bb{}\u00bb][et_pb_row column_structure=\u00bb1_2,1_2&#8243; use_custom_gutter=\u00bbon\u00bb gutter_width=\u00bb4&#8243; custom_padding_last_edited=\u00bbon|phone\u00bb _builder_version=\u00bb4.25.1&#8243; _module_preset=\u00bbdefault\u00bb background_image=\u00bbhttps:\/\/imartworldcup.org\/wp-content\/uploads\/2024\/04\/IMAS-Conference-Cork-2022.jpg\u00bb width=\u00bb100%\u00bb max_width=\u00bb100%\u00bb custom_padding=\u00bb150px|50px|496px|50px|false|true\u00bb custom_padding_tablet=\u00bb50px|50px|500px|50px|false|true\u00bb custom_padding_phone=\u00bb20px|20px|200px|20px|false|true\u00bb background_last_edited=\u00bbon|phone\u00bb background_size_tablet=\u00bbcover\u00bb background_image_width_tablet=\u00bb0%\u00bb background_image_width_phone=\u00bb0%\u00bb background_image_height_tablet=\u00bb75%\u00bb background_image_height_phone=\u00bb74%\u00bb background_position_tablet=\u00bbbottom_center\u00bb background_position_phone=\u00bbbottom_center\u00bb background_vertical_offset_tablet=\u00bb-24%\u00bb background_vertical_offset_phone=\u00bb-67%\u00bb global_colors_info=\u00bb{}\u00bb][et_pb_column type=\u00bb1_2&#8243; _builder_version=\u00bb4.20.2&#8243; _module_preset=\u00bbdefault\u00bb custom_padding_tablet=\u00bb30px|30px|30px|30px|true|true\u00bb custom_padding_phone=\u00bb20px|||20px|false|false\u00bb custom_padding_last_edited=\u00bbon|tablet\u00bb background_color_tablet=\u00bb#FFFFFF\u00bb background_color_phone=\u00bb#FFFFFF\u00bb background_last_edited=\u00bbon|tablet\u00bb background_enable_color_tablet=\u00bbon\u00bb background_enable_color_phone=\u00bbon\u00bb global_colors_info=\u00bb{}\u00bb][\/et_pb_column][et_pb_column type=\u00bb1_2&#8243; _builder_version=\u00bb4.20.2&#8243; _module_preset=\u00bbdefault\u00bb global_colors_info=\u00bb{}\u00bb][\/et_pb_column][\/et_pb_row][\/et_pb_section][et_pb_section fb_built=\u00bb1&#8243; _builder_version=\u00bb4.25.1&#8243; _module_preset=\u00bbdefault\u00bb background_color=\u00bbrgba(120,173,193,0.2)\u00bb width=\u00bb100%\u00bb max_width=\u00bb100%\u00bb module_alignment=\u00bbcenter\u00bb custom_margin=\u00bb||||false|false\u00bb custom_padding=\u00bb0px||||false|false\u00bb bottom_divider_style=\u00bbmountains2&#8243; bottom_divider_color=\u00bb#FFFFFF\u00bb locked=\u00bboff\u00bb global_colors_info=\u00bb{}\u00bb][et_pb_row _builder_version=\u00bb4.25.1&#8243; _module_preset=\u00bbdefault\u00bb background_color=\u00bb#78ADC1&#8243; width=\u00bb100%\u00bb max_width=\u00bb100%\u00bb custom_margin=\u00bb||||false|false\u00bb custom_padding=\u00bb10px||10px|50px|false|false\u00bb global_colors_info=\u00bb{}\u00bb][et_pb_column type=\u00bb4_4&#8243; _builder_version=\u00bb4.24.2&#8243; _module_preset=\u00bbdefault\u00bb global_colors_info=\u00bb{}\u00bb][\/et_pb_column][\/et_pb_row][et_pb_row use_custom_gutter=\u00bbon\u00bb gutter_width=\u00bb2&#8243; make_equal=\u00bbon\u00bb _builder_version=\u00bb4.25.1&#8243; _module_preset=\u00bbdefault\u00bb custom_padding=\u00bb40px||40px||false|false\u00bb custom_css_main_element=\u00bbalign-items:center;\u00bb global_colors_info=\u00bb{}\u00bb][et_pb_column type=\u00bb4_4&#8243; _builder_version=\u00bb4.20.2&#8243; _module_preset=\u00bbdefault\u00bb global_colors_info=\u00bb{}\u00bb][et_pb_heading title=\u00bb\u00bfQu\u00e9 fue Mixed Ability Week 22?\u00bb _builder_version=\u00bb4.25.1&#8243; _module_preset=\u00bbdefault\u00bb title_level=\u00bbh2&#8243; title_text_align=\u00bbcenter\u00bb title_text_color=\u00bb#1B475C\u00bb title_font_size=\u00bb5rem\u00bb title_font_size_tablet=\u00bb3rem\u00bb title_font_size_phone=\u00bb3rem\u00bb title_font_size_last_edited=\u00bbon|phone\u00bb global_colors_info=\u00bb{}\u00bb][\/et_pb_heading][et_pb_divider color=\u00bb#EC7323&#8243; divider_style=\u00bbdotted\u00bb divider_position=\u00bbcenter\u00bb divider_weight=\u00bb5px\u00bb _builder_version=\u00bb4.20.2&#8243; _module_preset=\u00bbdefault\u00bb max_width=\u00bb50%\u00bb module_alignment=\u00bbcenter\u00bb custom_margin=\u00bb||20px||false|false\u00bb global_colors_info=\u00bb{}\u00bb][\/et_pb_divider][\/et_pb_column][\/et_pb_row][\/et_pb_section][et_pb_section fb_built=\u00bb1&#8243; custom_padding_last_edited=\u00bbon|phone\u00bb _builder_version=\u00bb4.25.1&#8243; _module_preset=\u00bbdefault\u00bb background_color=\u00bbRGBA(255,255,255,0)\u00bb background_enable_image=\u00bboff\u00bb background_blend=\u00bboverlay\u00bb custom_padding=\u00bb0px||100px||false|false\u00bb custom_padding_tablet=\u00bb20px||80px||false|false\u00bb custom_padding_phone=\u00bb10px||60px||false|false\u00bb bottom_divider_style=\u00bbmountains2&#8243; bottom_divider_color=\u00bb#e4eff3&#8243; bottom_divider_height=\u00bb200px\u00bb bottom_divider_repeat=\u00bb1x\u00bb bottom_divider_height_tablet=\u00bb100px\u00bb bottom_divider_height_phone=\u00bb70px\u00bb bottom_divider_height_last_edited=\u00bbon|tablet\u00bb global_colors_info=\u00bb{}\u00bb][et_pb_row column_structure=\u00bb1_2,1_2&#8243; use_custom_gutter=\u00bbon\u00bb gutter_width=\u00bb2&#8243; custom_padding_last_edited=\u00bbon|tablet\u00bb _builder_version=\u00bb4.25.1&#8243; _module_preset=\u00bbdefault\u00bb width=\u00bb85%\u00bb max_width=\u00bb100%\u00bb custom_margin=\u00bb||||true|false\u00bb custom_padding=\u00bb0px||0px||false|false\u00bb custom_padding_tablet=\u00bb0px||||false|false\u00bb custom_padding_phone=\u00bb||0px||false|false\u00bb global_colors_info=\u00bb{}\u00bb][et_pb_column type=\u00bb1_2&#8243; _builder_version=\u00bb4.20.2&#8243; _module_preset=\u00bbdefault\u00bb global_colors_info=\u00bb{}\u00bb][et_pb_text _builder_version=\u00bb4.25.1&#8243; _module_preset=\u00bbdefault\u00bb text_text_color=\u00bb#1B475C\u00bb text_line_height=\u00bb1.8em\u00bb custom_padding=\u00bb||20px||false|false\u00bb text_font_size_tablet=\u00bb14px\u00bb text_font_size_phone=\u00bb13px\u00bb text_font_size_last_edited=\u00bbon|phone\u00bb global_colors_info=\u00bb{}\u00bb]<\/p>\n<p>MAW 22 fue un evento prestigioso e influyente para los clubes de Mixed Ability y sus redes que se celebr\u00f3 en Cork en junio de 2022, con el apoyo de la Comisi\u00f3n Europea a trav\u00e9s de su programa Erasmus+ Sport. Para ello fue fundamental IMART, adem\u00e1s de una serie de conferencias y talleres educativos que reunieron a partes interesadas relevantes para la expansi\u00f3n de la oferta de deportes inclusivos.<\/p>\n<p>Este evento de una semana de duraci\u00f3n inform\u00f3 y desarroll\u00f3 un conjunto de herramientas de transferibilidad que permite a los clubes comunitarios organizar eventos en todos los niveles, para crear conciencia sobre los deportes mixed ability y la oportunidad de bienestar f\u00edsico y el capital social que proporciona, creando capacidad para satisfacer las necesidades de las personas en un manera mucho m\u00e1s efectiva y exitosa.<\/p>\n<p>[\/et_pb_text][et_pb_button button_url=\u00bbhttps:\/\/imartworldcup.org\/wp-content\/uploads\/2024\/04\/TransferabilityToolkit_Dev4.pdf\u00bb button_text=\u00bbDescargue el kit de herramientas de transferibilidad MAW22&#8243; button_alignment=\u00bbleft\u00bb button_alignment_tablet=\u00bbcenter\u00bb button_alignment_phone=\u00bbcenter\u00bb button_alignment_last_edited=\u00bbon|tablet\u00bb _builder_version=\u00bb4.25.1&#8243; _module_preset=\u00bbdefault\u00bb custom_button=\u00bbon\u00bb button_text_color=\u00bb#FFFFFF\u00bb button_bg_color=\u00bb#EC7323&#8243; button_border_width=\u00bb0px\u00bb button_border_color=\u00bb#EC7323&#8243; button_border_radius=\u00bb0px\u00bb button_font=\u00bb|600|||||||\u00bb button_icon=\u00bb&#xe092;||divi||400&#8243; button_icon_color=\u00bb#FFFFFF\u00bb button_on_hover=\u00bboff\u00bb custom_padding=\u00bb20px|60px|20px|30px|false|false\u00bb custom_padding_tablet=\u00bb20px|60px|20px|30px|false|false\u00bb custom_padding_phone=\u00bb20px|60px|20px|30px|false|false\u00bb custom_padding_last_edited=\u00bbon|phone\u00bb button_text_size_tablet=\u00bb16px\u00bb button_text_size_phone=\u00bb11px\u00bb button_text_size_last_edited=\u00bbon|desktop\u00bb global_colors_info=\u00bb{}\u00bb button_text_size__hover_enabled=\u00bbon|hover\u00bb button_bg_color__hover_enabled=\u00bbon|desktop\u00bb button_bg_color__hover=\u00bb#ed5e00&#8243; button_bg_enable_color__hover=\u00bbon\u00bb][\/et_pb_button][\/et_pb_column][et_pb_column type=\u00bb1_2&#8243; _builder_version=\u00bb4.20.2&#8243; _module_preset=\u00bbdefault\u00bb global_colors_info=\u00bb{}\u00bb][et_pb_image src=\u00bbhttps:\/\/imartworldcup.org\/wp-content\/uploads\/2024\/04\/MIXED_ABILITY_WEEK_22_v1.jpg\u00bb title_text=\u00bbMIXED_ABILITY_WEEK_22_v1&#8243; _builder_version=\u00bb4.25.0&#8243; _module_preset=\u00bbdefault\u00bb global_colors_info=\u00bb{}\u00bb][\/et_pb_image][et_pb_image src=\u00bbhttps:\/\/imartworldcup.org\/wp-content\/uploads\/2024\/04\/eu_flag_co_funded_pos_rgb_right_1.jpeg\u00bb title_text=\u00bbeu_flag_co_funded_pos_rgb_right_1&#8243; align_tablet=\u00bbcenter\u00bb align_phone=\u00bbcenter\u00bb align_last_edited=\u00bbon|phone\u00bb _builder_version=\u00bb4.25.1&#8243; _module_preset=\u00bbdefault\u00bb width=\u00bb45%\u00bb max_width=\u00bb45%\u00bb module_alignment=\u00bbright\u00bb module_alignment_tablet=\u00bbcenter\u00bb module_alignment_phone=\u00bbcenter\u00bb module_alignment_last_edited=\u00bbon|desktop\u00bb global_colors_info=\u00bb{}\u00bb][\/et_pb_image][\/et_pb_column][\/et_pb_row][et_pb_row _builder_version=\u00bb4.25.1&#8243; _module_preset=\u00bbdefault\u00bb custom_margin=\u00bb||||false|false\u00bb custom_padding=\u00bb||||false|false\u00bb locked=\u00bboff\u00bb global_colors_info=\u00bb{}\u00bb][et_pb_column type=\u00bb4_4&#8243; _builder_version=\u00bb4.25.0&#8243; _module_preset=\u00bbdefault\u00bb global_colors_info=\u00bb{}\u00bb][et_pb_divider color=\u00bb#EC7323&#8243; divider_style=\u00bbdotted\u00bb divider_position=\u00bbcenter\u00bb divider_weight=\u00bb5px\u00bb _builder_version=\u00bb4.20.2&#8243; _module_preset=\u00bbdefault\u00bb max_width=\u00bb50%\u00bb module_alignment=\u00bbcenter\u00bb custom_margin=\u00bb||20px||false|false\u00bb global_colors_info=\u00bb{}\u00bb][\/et_pb_divider][\/et_pb_column][\/et_pb_row][\/et_pb_section][et_pb_section fb_built=\u00bb1&#8243; _builder_version=\u00bb4.25.1&#8243; _module_preset=\u00bbdefault\u00bb background_color=\u00bb#e4eff3&#8243; custom_padding=\u00bb0px||||false|false\u00bb top_divider_color=\u00bb#FFFFFF\u00bb top_divider_height=\u00bb200px\u00bb bottom_divider_color=\u00bb#FFFFFF\u00bb bottom_divider_height=\u00bb200px\u00bb global_colors_info=\u00bb{}\u00bb][et_pb_row _builder_version=\u00bb4.25.1&#8243; _module_preset=\u00bbdefault\u00bb width=\u00bb85%\u00bb max_width=\u00bb100%\u00bb custom_margin=\u00bb||0px||false|false\u00bb custom_padding=\u00bb0px||||false|false\u00bb global_colors_info=\u00bb{}\u00bb][et_pb_column type=\u00bb4_4&#8243; _builder_version=\u00bb4.25.1&#8243; _module_preset=\u00bbdefault\u00bb global_colors_info=\u00bb{}\u00bb][et_pb_text _builder_version=\u00bb4.25.1&#8243; _module_preset=\u00bbdefault\u00bb header_3_font=\u00bb||||||||\u00bb header_3_text_color=\u00bb#1B475C\u00bb header_3_font_size=\u00bb48px\u00bb header_3_line_height=\u00bb1.1em\u00bb custom_margin=\u00bb||||false|false\u00bb custom_padding=\u00bb||||false|false\u00bb header_3_font_size_tablet=\u00bb46px\u00bb header_3_font_size_phone=\u00bb35px\u00bb header_3_font_size_last_edited=\u00bbon|phone\u00bb global_colors_info=\u00bb{}\u00bb]<\/p>\n<h3>Conferencia Internacional<\/h3>\n<p>[\/et_pb_text][\/et_pb_column][\/et_pb_row][et_pb_row column_structure=\u00bb1_2,1_2&#8243; _builder_version=\u00bb4.25.1&#8243; _module_preset=\u00bbdefault\u00bb width=\u00bb85%\u00bb max_width=\u00bb100%\u00bb custom_margin=\u00bb||0px||false|false\u00bb custom_padding=\u00bb0px||||false|false\u00bb global_colors_info=\u00bb{}\u00bb][et_pb_column type=\u00bb1_2&#8243; _builder_version=\u00bb4.20.2&#8243; _module_preset=\u00bbdefault\u00bb global_colors_info=\u00bb{}\u00bb][et_pb_text _builder_version=\u00bb4.25.0&#8243; _module_preset=\u00bbdefault\u00bb text_text_color=\u00bb#1B475C\u00bb text_line_height=\u00bb1.8em\u00bb custom_padding=\u00bb||20px||false|false\u00bb text_font_size_tablet=\u00bb14px\u00bb text_font_size_phone=\u00bb13px\u00bb text_font_size_last_edited=\u00bbon|phone\u00bb global_colors_info=\u00bb{}\u00bb]<\/p>\n<p>Una parte crucial de la Semana Mixed Ability 2022, financiada por Erasmus+ Sport, fue la conferencia internacional \u00abEl futuro del Mixed Ability: para el deporte y m\u00e1s all\u00e1\u00bb. La conferencia se desarroll\u00f3 paralelamente al 3er Torneo Internacional de Rugby Mixed Ability y tuvo como objetivo mostrar el poder transformador de la mixed ability para cambiar vidas, comunidades y nuestra sociedad en general.<\/p>\n<p>La conferencia reuni\u00f3 a personas expertas con experiencia vivida en materia de discapacidad, acad\u00e9micos, profesionales, formuladores de pol\u00edticas, participantes deportivos y \u00f3rganos rectores nacionales junto con representantes de los sectores de discapacidad, defensa, atenci\u00f3n m\u00e9dica, sociedad civil y privado.<\/p>\n<p>Era importante llamar la atenci\u00f3n sobre el hecho de que las personas con discapacidad y otros grupos que enfrentan barreras a la participaci\u00f3n todav\u00eda se ven afectados de manera desproporcionada por el marcado aumento de las desigualdades en salud, el aislamiento, la exclusi\u00f3n y la falta de conexi\u00f3n, y tratar de encontrar colectivamente una manera de abordar estas injusticias. y avanzar juntos. El evento recibi\u00f3 el patrocinio de la UNESCO.<\/p>\n<p>[\/et_pb_text][et_pb_button button_url=\u00bbhttps:\/\/imartworldcup.org\/wp-content\/uploads\/2024\/04\/MixedAbilityWeek_Programme_Dev6.pdf\u00bb button_text=\u00bbDescargue el programa de la conferencia\u00bb button_alignment=\u00bbleft\u00bb button_alignment_tablet=\u00bbcenter\u00bb button_alignment_phone=\u00bbcenter\u00bb button_alignment_last_edited=\u00bbon|tablet\u00bb _builder_version=\u00bb4.25.0&#8243; _module_preset=\u00bbdefault\u00bb custom_button=\u00bbon\u00bb button_text_color=\u00bb#FFFFFF\u00bb button_bg_color=\u00bb#EC7323&#8243; button_border_width=\u00bb0px\u00bb button_border_color=\u00bb#EC7323&#8243; button_border_radius=\u00bb0px\u00bb button_font=\u00bb|600|||||||\u00bb button_icon=\u00bb&#xe092;||divi||400&#8243; button_icon_color=\u00bb#FFFFFF\u00bb button_on_hover=\u00bboff\u00bb custom_padding=\u00bb20px|60px|20px|30px|false|false\u00bb custom_padding_tablet=\u00bb20px|60px|20px|30px|false|false\u00bb custom_padding_phone=\u00bb20px|60px|20px|30px|false|false\u00bb custom_padding_last_edited=\u00bbon|phone\u00bb button_text_size_tablet=\u00bb16px\u00bb button_text_size_phone=\u00bb11px\u00bb button_text_size_last_edited=\u00bbon|desktop\u00bb locked=\u00bboff\u00bb global_colors_info=\u00bb{}\u00bb button_text_size__hover_enabled=\u00bbon|hover\u00bb button_bg_color__hover_enabled=\u00bbon|hover\u00bb button_bg_color__hover=\u00bb#ed5e00&#8243; button_bg_enable_color__hover=\u00bbon\u00bb][\/et_pb_button][\/et_pb_column][et_pb_column type=\u00bb1_2&#8243; _builder_version=\u00bb4.20.2&#8243; _module_preset=\u00bbdefault\u00bb global_colors_info=\u00bb{}\u00bb][et_pb_code _builder_version=\u00bb4.25.1&#8243; _module_preset=\u00bbdefault\u00bb border_width_bottom=\u00bb4px\u00bb border_color_bottom=\u00bb#EC7323&#8243; global_colors_info=\u00bb{}\u00bb]<iframe src=https:\/\/ucc.cloud.panopto.eu\/Panopto\/Pages\/Embed.aspx?id=588bc561-02de-4535-88e9-aea7008e61bf&#038;autoplay=false&#038;offerviewer=true&#038;showtitle=true&#038;showbrand=true&#038;captions=true&#038;interactivity=all height=\"405\" width=\"720\" style=\"border: 1px solid #464646;\" allowfullscreen allow=\"autoplay\"><\/iframe>[\/et_pb_code][\/et_pb_column][\/et_pb_row][\/et_pb_section]<\/p>\n","protected":false},"excerpt":{"rendered":"<p><div class=\"et_pb_module dipi_breadcrumbs dipi_breadcrumbs_0\">\n\t\t\t\t\n\t\t\t\t\n\t\t\t\t\n\t\t\t\t\n\t\t\t\t\n\t\t\t\t\n\t\t\t\t<div class=\"et_pb_module_inner\">\n\t\t\t\t\t<div class=\"dipi-breadcrumbs dipi-bc-center\">\n                <ul >\n                    \n                                                        <li  class=\"dipi-breadcrumb-item dipi-breadcrumb-home\">\n\n                                                    <a  href=\"https:\/\/imartworldcup.org\/es\/\">\n                                <span  content=\"Home\">\n                                                                        Torneo Internacional Mixed Ability                                <\/span>\n                            <\/a>\n\n                                                <meta itemprop=\"position\" content=\"1\"\/>                    <\/li>\n\n                    <li class=\"dipi-breadcrumb-separator\">\n                    <span class=\"et-pb-icon dipi-separator-icon\">&#x39;<\/span>\n                <\/li>                            \n                <\/ul>\n            <\/div>\n\t\t\t\t<\/div>\n\t\t\t<\/div>MAW 22 fue un evento prestigioso e influyente para los clubes de Mixed Ability y sus redes que se celebr\u00f3 en Cork en junio de 2022, con el apoyo de la Comisi\u00f3n Europea a trav\u00e9s de su programa Erasmus+ Sport. [&hellip;]<\/p>\n","protected":false},"author":1,"featured_media":0,"parent":0,"menu_order":0,"comment_status":"closed","ping_status":"closed","template":"","meta":{"_et_pb_use_builder":"on","_et_pb_old_content":"","_et_gb_content_width":"","footnotes":""},"difl_page_category":[],"class_list":["post-278360","page","type-page","status-publish","hentry"],"_links":{"self":[{"href":"https:\/\/imartworldcup.org\/es\/wp-json\/wp\/v2\/pages\/278360","targetHints":{"allow":["GET"]}}],"collection":[{"href":"https:\/\/imartworldcup.org\/es\/wp-json\/wp\/v2\/pages"}],"about":[{"href":"https:\/\/imartworldcup.org\/es\/wp-json\/wp\/v2\/types\/page"}],"author":[{"embeddable":true,"href":"https:\/\/imartworldcup.org\/es\/wp-json\/wp\/v2\/users\/1"}],"replies":[{"embeddable":true,"href":"https:\/\/imartworldcup.org\/es\/wp-json\/wp\/v2\/comments?post=278360"}],"version-history":[{"count":2,"href":"https:\/\/imartworldcup.org\/es\/wp-json\/wp\/v2\/pages\/278360\/revisions"}],"predecessor-version":[{"id":278362,"href":"https:\/\/imartworldcup.org\/es\/wp-json\/wp\/v2\/pages\/278360\/revisions\/278362"}],"wp:attachment":[{"href":"https:\/\/imartworldcup.org\/es\/wp-json\/wp\/v2\/media?parent=278360"}],"wp:term":[{"taxonomy":"difl_page_category","embeddable":true,"href":"https:\/\/imartworldcup.org\/es\/wp-json\/wp\/v2\/difl_page_category?post=278360"}],"curies":[{"name":"wp","href":"https:\/\/api.w.org\/{rel}","templated":true}]}}